{"id":1761,"date":"2025-11-25T10:31:19","date_gmt":"2025-11-25T10:31:19","guid":{"rendered":"https:\/\/tuplaning.com\/?page_id=1761"},"modified":"2025-11-25T10:34:55","modified_gmt":"2025-11-25T10:34:55","slug":"africa","status":"publish","type":"page","link":"https:\/\/tuplaning.com\/ru\/paquetes\/africa\/","title":{"rendered":"\u00c1frica"},"content":{"rendered":"<style>.elementor-1761 .elementor-element.elementor-element-39d21b8{--display:flex;--flex-direction:column;--container-widget-width:calc( ( 1 - var( --container-widget-flex-grow ) ) * 100% );--container-widget-height:initial;--container-widget-flex-grow:0;--container-widget-align-self:initial;--flex-wrap-mobile:wrap;--align-items:center;--gap:10px 10px;--row-gap:10px;--column-gap:10px;--overlay-opacity:0.7;border-style:solid;--border-style:solid;border-width:20px 20px 20px 20px;--border-top-width:20px;--border-right-width:20px;--border-bottom-width:20px;--border-left-width:20px;border-color:var( --e-global-color-accent );--border-color:var( --e-global-color-accent );--border-radius:40px 40px 40px 40px;--margin-top:0px;--margin-bottom:50px;--margin-left:0px;--margin-right:0px;--padding-top:200px;--padding-bottom:100px;--padding-left:0px;--padding-right:0px;}.elementor-1761 .elementor-element.elementor-element-39d21b8:not(.elementor-motion-effects-element-type-background), .elementor-1761 .elementor-element.elementor-element-39d21b8 > .elementor-motion-effects-container > .elementor-motion-effects-layer{background-image:url(\"https:\/\/tuplaning.com\/wp-content\/uploads\/2025\/11\/2148656203-1-1.jpg\");background-position:top center;background-repeat:no-repeat;background-size:cover;}.elementor-1761 .elementor-element.elementor-element-39d21b8::before, .elementor-1761 .elementor-element.elementor-element-39d21b8 > .elementor-background-video-container::before, .elementor-1761 .elementor-element.elementor-element-39d21b8 > .e-con-inner > .elementor-background-video-container::before, .elementor-1761 .elementor-element.elementor-element-39d21b8 > .elementor-background-slideshow::before, .elementor-1761 .elementor-element.elementor-element-39d21b8 > .e-con-inner > .elementor-background-slideshow::before, .elementor-1761 .elementor-element.elementor-element-39d21b8 > .elementor-motion-effects-container > .elementor-motion-effects-layer::before{--background-overlay:'';background-color:var( --e-global-color-primary );}.elementor-1761 .elementor-element.elementor-element-6df3e9f{text-align:center;}.elementor-1761 .elementor-element.elementor-element-6df3e9f .elementor-heading-title{font-family:var( --e-global-typography-primary-font-family ), Sans-serif;font-size:var( --e-global-typography-primary-font-size );font-weight:var( --e-global-typography-primary-font-weight );text-decoration:var( --e-global-typography-primary-text-decoration );line-height:var( --e-global-typography-primary-line-height );letter-spacing:var( --e-global-typography-primary-letter-spacing );color:var( --e-global-color-11f86d1 );}.elementor-1761 .elementor-element.elementor-element-2902512{--display:flex;--flex-direction:row;--container-widget-width:calc( ( 1 - var( --container-widget-flex-grow ) ) * 100% );--container-widget-height:100%;--container-widget-flex-grow:1;--container-widget-align-self:stretch;--flex-wrap-mobile:wrap;--align-items:center;--gap:0px 0px;--row-gap:0px;--column-gap:0px;}.elementor-1761 .elementor-element.elementor-element-6c81c92{--display:flex;--flex-direction:column;--container-widget-width:100%;--container-widget-height:initial;--container-widget-flex-grow:0;--container-widget-align-self:initial;--flex-wrap-mobile:wrap;}.elementor-1761 .elementor-element.elementor-element-f73cb76 .jeg-elementor-kit.jkit-heading{text-align:center;}.elementor-1761 .elementor-element.elementor-element-f73cb76 .jeg-elementor-kit.jkit-heading .heading-title{font-family:\"DM Sans\", Sans-serif;font-size:2.6em;font-weight:400;text-decoration:none;line-height:1em;letter-spacing:-0.5px;color:var( --e-global-color-2e21b95 );}.elementor-1761 .elementor-element.elementor-element-f73cb76 .jeg-elementor-kit.jkit-heading .heading-section-title{margin:-5px 0px -15px 0px;}.elementor-1761 .elementor-element.elementor-element-f73cb76 .jeg-elementor-kit.jkit-heading .heading-section-title .heading-title{padding:0px 0px 0px 0px;border-radius:0px 0px 0px 0px;}.elementor-1761 .elementor-element.elementor-element-f73cb76 .jeg-elementor-kit.jkit-heading .heading-title > span{color:var( --e-global-color-2e21b95 );font-family:\"Playfair Display\", Sans-serif;font-size:1em;font-weight:400;font-style:italic;line-height:1em;letter-spacing:-0.5px;padding:0px 0px 0px 0px;}.elementor-1761 .elementor-element.elementor-element-f73cb76 > .elementor-widget-container{padding:0px 0px 0px 0px;}.elementor-1761 .elementor-element.elementor-element-119e3f1 .jeg-elementor-kit.jkit-heading{text-align:center;}.elementor-1761 .elementor-element.elementor-element-119e3f1 .jeg-elementor-kit.jkit-heading .heading-title{font-family:\"DM Sans\", Sans-serif;font-size:1.7em;font-weight:400;text-decoration:none;line-height:1em;letter-spacing:-0.5px;color:var( --e-global-color-11f86d1 );}.elementor-1761 .elementor-element.elementor-element-119e3f1 .jeg-elementor-kit.jkit-heading .heading-section-title{margin:-5px 0px -15px 0px;}.elementor-1761 .elementor-element.elementor-element-119e3f1 .jeg-elementor-kit.jkit-heading .heading-section-title .heading-title{padding:0px 0px 0px 0px;border-radius:0px 0px 0px 0px;}.elementor-1761 .elementor-element.elementor-element-119e3f1 .jeg-elementor-kit.jkit-heading .heading-title > span{color:var( --e-global-color-11f86d1 );font-family:var( --e-global-typography-3f3b322-font-family ), Sans-serif;font-size:var( --e-global-typography-3f3b322-font-size );font-weight:var( --e-global-typography-3f3b322-font-weight );font-style:var( --e-global-typography-3f3b322-font-style );line-height:var( --e-global-typography-3f3b322-line-height );letter-spacing:var( --e-global-typography-3f3b322-letter-spacing );word-spacing:var( --e-global-typography-3f3b322-word-spacing );padding:0px 0px 0px 0px;}.elementor-1761 .elementor-element.elementor-element-119e3f1 > .elementor-widget-container{padding:0px 250px 0px 250px;}.elementor-1761 .elementor-element.elementor-element-69135fb{--display:flex;--flex-direction:row;--container-widget-width:initial;--container-widget-height:100%;--container-widget-flex-grow:1;--container-widget-align-self:stretch;--flex-wrap-mobile:wrap;--gap:20px 20px;--row-gap:20px;--column-gap:20px;--margin-top:50px;--margin-bottom:50px;--margin-left:0px;--margin-right:0px;}.elementor-1761 .elementor-element.elementor-element-2e94f05{--display:flex;--flex-direction:column;--container-widget-width:100%;--container-widget-height:initial;--container-widget-flex-grow:0;--container-widget-align-self:initial;--flex-wrap-mobile:wrap;}.elementor-1761 .elementor-element.elementor-element-a5ba2dc{--grid-columns:3;}.elementor-1761 .elementor-element.elementor-element-a5ba2dc .elementor-loop-container{grid-auto-rows:1fr;}.elementor-1761 .elementor-element.elementor-element-a5ba2dc .e-loop-item > .elementor-section, .elementor-1761 .elementor-element.elementor-element-a5ba2dc .e-loop-item > .elementor-section > .elementor-container, .elementor-1761 .elementor-element.elementor-element-a5ba2dc .e-loop-item > .e-con, .elementor-1761 .elementor-element.elementor-element-a5ba2dc .e-loop-item .elementor-section-wrap  > .e-con{height:100%;}.elementor-1761 .elementor-element.elementor-element-a5ba2dc .elementor-pagination{text-align:center;}body:not(.rtl) .elementor-1761 .elementor-element.elementor-element-a5ba2dc .elementor-pagination .page-numbers:not(:first-child){margin-left:calc( 10px\/2 );}body:not(.rtl) .elementor-1761 .elementor-element.elementor-element-a5ba2dc .elementor-pagination .page-numbers:not(:last-child){margin-right:calc( 10px\/2 );}body.rtl .elementor-1761 .elementor-element.elementor-element-a5ba2dc .elementor-pagination .page-numbers:not(:first-child){margin-right:calc( 10px\/2 );}body.rtl .elementor-1761 .elementor-element.elementor-element-a5ba2dc .elementor-pagination .page-numbers:not(:last-child){margin-left:calc( 10px\/2 );}.elementor-1761 .elementor-element.elementor-element-c611182{--display:flex;--flex-direction:row;--container-widget-width:calc( ( 1 - var( --container-widget-flex-grow ) ) * 100% );--container-widget-height:100%;--container-widget-flex-grow:1;--container-widget-align-self:stretch;--flex-wrap-mobile:wrap;--align-items:center;--gap:0px 0px;--row-gap:0px;--column-gap:0px;--margin-top:0px;--margin-bottom:100px;--margin-left:0px;--margin-right:0px;}.elementor-1761 .elementor-element.elementor-element-983c2e2{--display:flex;--flex-direction:column;--container-widget-width:100%;--container-widget-height:initial;--container-widget-flex-grow:0;--container-widget-align-self:initial;--flex-wrap-mobile:wrap;}.elementor-1761 .elementor-element.elementor-element-7979344 .jeg-elementor-kit.jkit-heading{text-align:center;}.elementor-1761 .elementor-element.elementor-element-7979344 .jeg-elementor-kit.jkit-heading .heading-title{font-family:\"DM Sans\", Sans-serif;font-size:2.6em;font-weight:400;text-decoration:none;line-height:1em;letter-spacing:-0.5px;color:var( --e-global-color-2e21b95 );}.elementor-1761 .elementor-element.elementor-element-7979344 .jeg-elementor-kit.jkit-heading .heading-section-title{margin:-5px 0px -15px 0px;}.elementor-1761 .elementor-element.elementor-element-7979344 .jeg-elementor-kit.jkit-heading .heading-section-title .heading-title{padding:0px 0px 0px 0px;border-radius:0px 0px 0px 0px;}.elementor-1761 .elementor-element.elementor-element-7979344 .jeg-elementor-kit.jkit-heading .heading-title > span{color:var( --e-global-color-2e21b95 );font-family:\"Playfair Display\", Sans-serif;font-size:1em;font-weight:400;font-style:italic;line-height:1em;letter-spacing:-0.5px;padding:0px 0px 0px 0px;}.elementor-1761 .elementor-element.elementor-element-7979344 > .elementor-widget-container{padding:0px 0px 0px 0px;}.elementor-1761 .elementor-element.elementor-element-6eb6f71 .jeg-elementor-kit.jkit-heading{text-align:center;}.elementor-1761 .elementor-element.elementor-element-6eb6f71 .jeg-elementor-kit.jkit-heading .heading-title{font-family:\"DM Sans\", Sans-serif;font-size:1.7em;font-weight:400;text-decoration:none;line-height:1em;letter-spacing:-0.5px;color:var( --e-global-color-11f86d1 );}.elementor-1761 .elementor-element.elementor-element-6eb6f71 .jeg-elementor-kit.jkit-heading .heading-section-title{margin:-5px 0px -15px 0px;}.elementor-1761 .elementor-element.elementor-element-6eb6f71 .jeg-elementor-kit.jkit-heading .heading-section-title .heading-title{padding:0px 0px 0px 0px;border-radius:0px 0px 0px 0px;}.elementor-1761 .elementor-element.elementor-element-6eb6f71 .jeg-elementor-kit.jkit-heading .heading-title > span{color:var( --e-global-color-11f86d1 );font-family:var( --e-global-typography-3f3b322-font-family ), Sans-serif;font-size:var( --e-global-typography-3f3b322-font-size );font-weight:var( --e-global-typography-3f3b322-font-weight );font-style:var( --e-global-typography-3f3b322-font-style );line-height:var( --e-global-typography-3f3b322-line-height );letter-spacing:var( --e-global-typography-3f3b322-letter-spacing );word-spacing:var( --e-global-typography-3f3b322-word-spacing );padding:0px 0px 0px 0px;}.elementor-1761 .elementor-element.elementor-element-6eb6f71 > .elementor-widget-container{padding:0px 250px 0px 250px;}:root{--page-title-display:none;}@media(max-width:1024px){.elementor-1761 .elementor-element.elementor-element-39d21b8{--padding-top:200px;--padding-bottom:100px;--padding-left:20px;--padding-right:20px;}.elementor-1761 .elementor-element.elementor-element-6df3e9f .elementor-heading-title{font-size:var( --e-global-typography-primary-font-size );line-height:var( --e-global-typography-primary-line-height );letter-spacing:var( --e-global-typography-primary-letter-spacing );}.elementor-1761 .elementor-element.elementor-element-f73cb76 .jeg-elementor-kit.jkit-heading .heading-title{font-size:2.5em;line-height:1em;letter-spacing:-0.5px;color:var( --e-global-color-2e21b95 );}.elementor-1761 .elementor-element.elementor-element-f73cb76 .jeg-elementor-kit.jkit-heading .heading-title > span{color:var( --e-global-color-11f86d1 );font-size:1em;line-height:1em;letter-spacing:-0.5px;}.elementor-1761 .elementor-element.elementor-element-119e3f1 .jeg-elementor-kit.jkit-heading .heading-title{font-size:1.7em;line-height:1em;letter-spacing:-0.5px;color:var( --e-global-color-2e21b95 );}.elementor-1761 .elementor-element.elementor-element-119e3f1 .jeg-elementor-kit.jkit-heading .heading-title > span{color:var( --e-global-color-secondary );font-size:var( --e-global-typography-3f3b322-font-size );line-height:var( --e-global-typography-3f3b322-line-height );letter-spacing:var( --e-global-typography-3f3b322-letter-spacing );word-spacing:var( --e-global-typography-3f3b322-word-spacing );}.elementor-1761 .elementor-element.elementor-element-119e3f1 > .elementor-widget-container{padding:0px 0px 0px 0px;}.elementor-1761 .elementor-element.elementor-element-a5ba2dc{--grid-columns:1;}.elementor-1761 .elementor-element.elementor-element-7979344 .jeg-elementor-kit.jkit-heading .heading-title{font-size:2.5em;line-height:1em;letter-spacing:-0.5px;color:var( --e-global-color-2e21b95 );}.elementor-1761 .elementor-element.elementor-element-7979344 .jeg-elementor-kit.jkit-heading .heading-title > span{color:var( --e-global-color-11f86d1 );font-size:1em;line-height:1em;letter-spacing:-0.5px;}.elementor-1761 .elementor-element.elementor-element-6eb6f71 .jeg-elementor-kit.jkit-heading .heading-title{font-size:1.7em;line-height:1em;letter-spacing:-0.5px;color:var( --e-global-color-2e21b95 );}.elementor-1761 .elementor-element.elementor-element-6eb6f71 .jeg-elementor-kit.jkit-heading .heading-title > span{color:var( --e-global-color-secondary );font-size:var( --e-global-typography-3f3b322-font-size );line-height:var( --e-global-typography-3f3b322-line-height );letter-spacing:var( --e-global-typography-3f3b322-letter-spacing );word-spacing:var( --e-global-typography-3f3b322-word-spacing );}.elementor-1761 .elementor-element.elementor-element-6eb6f71 > .elementor-widget-container{padding:0px 0px 0px 0px;}}@media(min-width:768px){.elementor-1761 .elementor-element.elementor-element-39d21b8{--content-width:1290px;}.elementor-1761 .elementor-element.elementor-element-2902512{--content-width:1290px;}.elementor-1761 .elementor-element.elementor-element-6c81c92{--width:100%;}.elementor-1761 .elementor-element.elementor-element-69135fb{--content-width:1290px;}.elementor-1761 .elementor-element.elementor-element-2e94f05{--width:1400%;}.elementor-1761 .elementor-element.elementor-element-c611182{--content-width:1290px;}.elementor-1761 .elementor-element.elementor-element-983c2e2{--width:100%;}}@media(max-width:767px){.elementor-1761 .elementor-element.elementor-element-39d21b8:not(.elementor-motion-effects-element-type-background), .elementor-1761 .elementor-element.elementor-element-39d21b8 > .elementor-motion-effects-container > .elementor-motion-effects-layer{background-position:center center;}.elementor-1761 .elementor-element.elementor-element-39d21b8{--margin-top:0px;--margin-bottom:0px;--margin-left:0px;--margin-right:0px;}.elementor-1761 .elementor-element.elementor-element-6df3e9f .elementor-heading-title{font-size:var( --e-global-typography-primary-font-size );line-height:var( --e-global-typography-primary-line-height );letter-spacing:var( --e-global-typography-primary-letter-spacing );}.elementor-1761 .elementor-element.elementor-element-6df3e9f > .elementor-widget-container{margin:60px 0px 0px 0px;}.elementor-1761 .elementor-element.elementor-element-f73cb76 .jeg-elementor-kit.jkit-heading .heading-title{font-size:35px;line-height:1em;letter-spacing:-0.5px;color:var( --e-global-color-2e21b95 );}.elementor-1761 .elementor-element.elementor-element-f73cb76 .jeg-elementor-kit.jkit-heading .heading-title > span{color:var( --e-global-color-11f86d1 );font-size:35px;line-height:1em;letter-spacing:-0.5px;}.elementor-1761 .elementor-element.elementor-element-119e3f1 .jeg-elementor-kit.jkit-heading .heading-title{font-size:1.3em;line-height:1em;letter-spacing:-0.5px;color:var( --e-global-color-2e21b95 );}.elementor-1761 .elementor-element.elementor-element-119e3f1 .jeg-elementor-kit.jkit-heading .heading-title > span{color:var( --e-global-color-secondary );font-size:var( --e-global-typography-3f3b322-font-size );line-height:var( --e-global-typography-3f3b322-line-height );letter-spacing:var( --e-global-typography-3f3b322-letter-spacing );word-spacing:var( --e-global-typography-3f3b322-word-spacing );}.elementor-1761 .elementor-element.elementor-element-69135fb{--justify-content:center;--align-items:center;--container-widget-width:calc( ( 1 - var( --container-widget-flex-grow ) ) * 100% );}.elementor-1761 .elementor-element.elementor-element-a5ba2dc{--grid-columns:1;}.elementor-1761 .elementor-element.elementor-element-7979344 .jeg-elementor-kit.jkit-heading .heading-title{font-size:35px;line-height:1em;letter-spacing:-0.5px;color:var( --e-global-color-2e21b95 );}.elementor-1761 .elementor-element.elementor-element-7979344 .jeg-elementor-kit.jkit-heading .heading-title > span{color:var( --e-global-color-11f86d1 );font-size:35px;line-height:1em;letter-spacing:-0.5px;}.elementor-1761 .elementor-element.elementor-element-6eb6f71 .jeg-elementor-kit.jkit-heading .heading-title{font-size:1.3em;line-height:1em;letter-spacing:-0.5px;color:var( --e-global-color-2e21b95 );}.elementor-1761 .elementor-element.elementor-element-6eb6f71 .jeg-elementor-kit.jkit-heading .heading-title > span{color:var( --e-global-color-secondary );font-size:var( --e-global-typography-3f3b322-font-size );line-height:var( --e-global-typography-3f3b322-line-height );letter-spacing:var( --e-global-typography-3f3b322-letter-spacing );word-spacing:var( --e-global-typography-3f3b322-word-spacing );}}<\/style>\t\t<div data-elementor-type=\"wp-page\" data-elementor-id=\"1761\" class=\"elementor elementor-1761\" data-elementor-post-type=\"page\">\n\t\t\t\t<div class=\"elementor-element elementor-element-39d21b8 e-flex e-con-boxed e-con e-parent\" data-id=\"39d21b8\" data-element_type=\"container\" data-e-type=\"container\" data-settings=\"{&quot;background_background&quot;:&quot;classic&quot;}\">\n\t\t\t\t\t<div class=\"e-con-inner\">\n\t\t\t\t<div class=\"elementor-element elementor-element-6df3e9f elementor-widget elementor-widget-heading\" data-id=\"6df3e9f\" data-element_type=\"widget\" data-e-type=\"widget\" data-widget_type=\"heading.default\">\n\t\t\t\t<div class=\"elementor-widget-container\">\n\t\t\t\t\t<h1 class=\"elementor-heading-title elementor-size-default\">\u00c1frica<\/h1>\t\t\t\t<\/div>\n\t\t\t\t<\/div>\n\t\t\t\t\t<\/div>\n\t\t\t\t<\/div>\n\t\t<div class=\"elementor-element elementor-element-2902512 e-flex e-con-boxed e-con e-parent\" data-id=\"2902512\" data-element_type=\"container\" data-e-type=\"container\">\n\t\t\t\t\t<div class=\"e-con-inner\">\n\t\t<div class=\"elementor-element elementor-element-6c81c92 e-con-full e-flex e-con e-child\" data-id=\"6c81c92\" data-element_type=\"container\" data-e-type=\"container\">\n\t\t\t\t<div class=\"elementor-element elementor-element-f73cb76 elementor-widget elementor-widget-jkit_heading\" data-id=\"f73cb76\" data-element_type=\"widget\" data-e-type=\"widget\" data-widget_type=\"jkit_heading.default\">\n\t\t\t\t<div class=\"elementor-widget-container\">\n\t\t\t\t\t<div  class=\"jeg-elementor-kit jkit-heading  align-center align-tablet- align-mobile- jeg_module___69e2311935c2a\" ><div class=\"heading-section-title  display-inline-block\"><h2 class=\"heading-title\"><span class=\"style-color\"><span>Experiencias inolvidables por \u00c1frica<\/span><\/span><\/h2><\/div><\/div>\t\t\t\t<\/div>\n\t\t\t\t<\/div>\n\t\t\t\t<div class=\"elementor-element elementor-element-119e3f1 elementor-widget elementor-widget-jkit_heading\" data-id=\"119e3f1\" data-element_type=\"widget\" data-e-type=\"widget\" data-widget_type=\"jkit_heading.default\">\n\t\t\t\t<div class=\"elementor-widget-container\">\n\t\t\t\t\t<div  class=\"jeg-elementor-kit jkit-heading  align-center align-tablet- align-mobile- jeg_module__1_69e2311936e12\" ><div class=\"heading-section-title  display-inline-block\"><h3 class=\"heading-title\">Viajes que nunca olvidar\u00e1s<\/h3><\/div><\/div>\t\t\t\t<\/div>\n\t\t\t\t<\/div>\n\t\t\t\t<\/div>\n\t\t\t\t\t<\/div>\n\t\t\t\t<\/div>\n\t\t<div class=\"elementor-element elementor-element-69135fb e-flex e-con-boxed e-con e-parent\" data-id=\"69135fb\" data-element_type=\"container\" data-e-type=\"container\">\n\t\t\t\t\t<div class=\"e-con-inner\">\n\t\t<div class=\"elementor-element elementor-element-2e94f05 e-con-full e-flex e-con e-child\" data-id=\"2e94f05\" data-element_type=\"container\" data-e-type=\"container\">\n\t\t\t\t<div class=\"woocommerce elementor-element elementor-element-a5ba2dc elementor-grid-tablet-1 elementor-grid-3 elementor-grid-mobile-1 elementor-widget elementor-widget-loop-grid\" data-id=\"a5ba2dc\" data-element_type=\"widget\" data-e-type=\"widget\" data-settings=\"{&quot;_skin&quot;:&quot;product&quot;,&quot;template_id&quot;:&quot;1455&quot;,&quot;pagination_type&quot;:&quot;numbers_and_prev_next&quot;,&quot;pagination_load_type&quot;:&quot;ajax&quot;,&quot;columns_tablet&quot;:1,&quot;columns&quot;:&quot;3&quot;,&quot;columns_mobile&quot;:&quot;1&quot;,&quot;edit_handle_selector&quot;:&quot;[data-elementor-type=\\&quot;loop-item\\&quot;]&quot;,&quot;row_gap&quot;:{&quot;unit&quot;:&quot;px&quot;,&quot;size&quot;:&quot;&quot;,&quot;sizes&quot;:[]},&quot;row_gap_tablet&quot;:{&quot;unit&quot;:&quot;px&quot;,&quot;size&quot;:&quot;&quot;,&quot;sizes&quot;:[]},&quot;row_gap_mobile&quot;:{&quot;unit&quot;:&quot;px&quot;,&quot;size&quot;:&quot;&quot;,&quot;sizes&quot;:[]}}\" data-widget_type=\"loop-grid.product\">\n\t\t\t\t<div class=\"elementor-widget-container\">\n\t\t\t\t\t\t\t<div class=\"e-loop-nothing-found-message\">\n\t\t\t\t\t<div class=\"e-loop-nothing-found-message__text\">\n\t\t\t\tParece que no tenemos experiencias disponibles en estos momentos.\t\t\t<\/div>\n\t\t\t<\/div>\n\t\t\t\t\t\t<\/div>\n\t\t\t\t<\/div>\n\t\t\t\t<\/div>\n\t\t\t\t\t<\/div>\n\t\t\t\t<\/div>\n\t\t<div class=\"elementor-element elementor-element-c611182 e-flex e-con-boxed e-con e-parent\" data-id=\"c611182\" data-element_type=\"container\" data-e-type=\"container\">\n\t\t\t\t\t<div class=\"e-con-inner\">\n\t\t<div class=\"elementor-element elementor-element-983c2e2 e-con-full e-flex e-con e-child\" data-id=\"983c2e2\" data-element_type=\"container\" data-e-type=\"container\">\n\t\t\t\t<div class=\"elementor-element elementor-element-7979344 elementor-widget elementor-widget-jkit_heading\" data-id=\"7979344\" data-element_type=\"widget\" data-e-type=\"widget\" data-widget_type=\"jkit_heading.default\">\n\t\t\t\t<div class=\"elementor-widget-container\">\n\t\t\t\t\t<div  class=\"jeg-elementor-kit jkit-heading  align-center align-tablet- align-mobile- jeg_module__2_69e23119393b6\" ><div class=\"heading-section-title  display-inline-block\"><h2 class=\"heading-title\"><span class=\"style-color\"><span>Actividades destacadas en \u00c1frica<\/span><\/span><\/h2><\/div><\/div>\t\t\t\t<\/div>\n\t\t\t\t<\/div>\n\t\t\t\t<div class=\"elementor-element elementor-element-6eb6f71 elementor-widget elementor-widget-jkit_heading\" data-id=\"6eb6f71\" data-element_type=\"widget\" data-e-type=\"widget\" data-widget_type=\"jkit_heading.default\">\n\t\t\t\t<div class=\"elementor-widget-container\">\n\t\t\t\t\t<div  class=\"jeg-elementor-kit jkit-heading  align-center align-tablet- align-mobile- jeg_module__3_69e2311939f5f\" ><div class=\"heading-section-title  display-inline-block\"><h3 class=\"heading-title\">Sum\u00e9rgete en la aventura<\/h3><\/div><\/div>\t\t\t\t<\/div>\n\t\t\t\t<\/div>\n\t\t\t\t<div class=\"elementor-element elementor-element-ba5d7a6 elementor-widget elementor-widget-html\" data-id=\"ba5d7a6\" data-element_type=\"widget\" data-e-type=\"widget\" data-widget_type=\"html.default\">\n\t\t\t\t<div class=\"elementor-widget-container\">\n\t\t\t\t\t<div data-gyg-href=\"https:\/\/widget.getyourguide.com\/default\/activities.frame\" data-gyg-locale-code=\"es-ES\" data-gyg-widget=\"activities\" data-gyg-number-of-items=\"8\" data-gyg-partner-id=\"JMDEVSH\" data-gyg-q=\"Marruecos, Egipto y Sud\u00e1frica, Kenia, Tanzania\"><span>Powered by <a target=\"_blank\" rel=\"sponsored\" href=\"https:\/\/www.getyourguide.com\/\">GetYourGuide<\/a><\/span><\/div>\t\t\t\t<\/div>\n\t\t\t\t<\/div>\n\t\t\t\t<\/div>\n\t\t\t\t\t<\/div>\n\t\t\t\t<\/div>\n\t\t\t\t<\/div>\n\t\t","protected":false},"excerpt":{"rendered":"<p>Saltar al contenido principal \u00c1frica Experiencias inolvidables por \u00c1frica Viajes que nunca olvidar\u00e1s Actividades destacadas en \u00c1frica Sum\u00e9rgete en la aventura Powered by GetYourGuide<\/p>","protected":false},"author":1,"featured_media":0,"parent":361,"menu_order":0,"comment_status":"closed","ping_status":"closed","template":"","meta":{"_acf_changed":false,"_joinchat":[],"footnotes":""},"class_list":["post-1761","page","type-page","status-publish","hentry"],"acf":[],"_links":{"self":[{"href":"https:\/\/tuplaning.com\/ru\/wp-json\/wp\/v2\/pages\/1761","targetHints":{"allow":["GET"]}}],"collection":[{"href":"https:\/\/tuplaning.com\/ru\/wp-json\/wp\/v2\/pages"}],"about":[{"href":"https:\/\/tuplaning.com\/ru\/wp-json\/wp\/v2\/types\/page"}],"author":[{"embeddable":true,"href":"https:\/\/tuplaning.com\/ru\/wp-json\/wp\/v2\/users\/1"}],"replies":[{"embeddable":true,"href":"https:\/\/tuplaning.com\/ru\/wp-json\/wp\/v2\/comments?post=1761"}],"version-history":[{"count":0,"href":"https:\/\/tuplaning.com\/ru\/wp-json\/wp\/v2\/pages\/1761\/revisions"}],"up":[{"embeddable":true,"href":"https:\/\/tuplaning.com\/ru\/wp-json\/wp\/v2\/pages\/361"}],"wp:attachment":[{"href":"https:\/\/tuplaning.com\/ru\/wp-json\/wp\/v2\/media?parent=1761"}],"curies":[{"name":"wp","href":"https:\/\/api.w.org\/{rel}","templated":true}]}}