{"id":995,"date":"2025-08-22T07:59:15","date_gmt":"2025-08-22T07:59:15","guid":{"rendered":"https:\/\/tuplaning.com\/?page_id=995"},"modified":"2025-11-25T16:48:21","modified_gmt":"2025-11-25T16:48:21","slug":"politica-de-cookies","status":"publish","type":"page","link":"https:\/\/tuplaning.com\/pt\/politica-de-cookies\/","title":{"rendered":"Pol\u00edtica de cookies"},"content":{"rendered":"<style>.elementor-995 .elementor-element.elementor-element-13e63502{--display:flex;--flex-direction:column;--container-widget-width:100%;--container-widget-height:initial;--container-widget-flex-grow:0;--container-widget-align-self:initial;--flex-wrap-mobile:wrap;--gap:10px 10px;--row-gap:10px;--column-gap:10px;--overlay-opacity:0.8;border-style:solid;--border-style:solid;border-width:20px 20px 20px 20px;--border-top-width:20px;--border-right-width:20px;--border-bottom-width:20px;--border-left-width:20px;border-color:var( --e-global-color-accent );--border-color:var( --e-global-color-accent );--border-radius:40px 40px 40px 40px;--margin-top:0px;--margin-bottom:30px;--margin-left:0px;--margin-right:0px;--padding-top:200px;--padding-bottom:100px;--padding-left:0px;--padding-right:0px;}.elementor-995 .elementor-element.elementor-element-13e63502:not(.elementor-motion-effects-element-type-background), .elementor-995 .elementor-element.elementor-element-13e63502 > .elementor-motion-effects-container > .elementor-motion-effects-layer{background-image:url(\"https:\/\/tuplaning.com\/wp-content\/uploads\/2025\/08\/imagenes-legales-1.webp\");background-position:center center;background-repeat:no-repeat;background-size:cover;}.elementor-995 .elementor-element.elementor-element-13e63502::before, .elementor-995 .elementor-element.elementor-element-13e63502 > .elementor-background-video-container::before, .elementor-995 .elementor-element.elementor-element-13e63502 > .e-con-inner > .elementor-background-video-container::before, .elementor-995 .elementor-element.elementor-element-13e63502 > .elementor-background-slideshow::before, .elementor-995 .elementor-element.elementor-element-13e63502 > .e-con-inner > .elementor-background-slideshow::before, .elementor-995 .elementor-element.elementor-element-13e63502 > .elementor-motion-effects-container > .elementor-motion-effects-layer::before{--background-overlay:'';background-color:var( --e-global-color-primary );}.elementor-995 .elementor-element.elementor-element-4a404aa7{text-align:center;}.elementor-995 .elementor-element.elementor-element-4a404aa7 .elementor-heading-title{font-family:var( --e-global-typography-primary-font-family ), Sans-serif;font-size:var( --e-global-typography-primary-font-size );font-weight:var( --e-global-typography-primary-font-weight );text-decoration:var( --e-global-typography-primary-text-decoration );line-height:var( --e-global-typography-primary-line-height );letter-spacing:var( --e-global-typography-primary-letter-spacing );color:var( --e-global-color-11f86d1 );}.elementor-995 .elementor-element.elementor-element-6e07d4ce{--display:flex;--flex-direction:column;--container-widget-width:100%;--container-widget-height:initial;--container-widget-flex-grow:0;--container-widget-align-self:initial;--flex-wrap-mobile:wrap;--margin-top:0px;--margin-bottom:30px;--margin-left:0px;--margin-right:0px;--padding-top:0px;--padding-bottom:0px;--padding-left:0px;--padding-right:0px;}.elementor-995 .elementor-element.elementor-element-15255a68{--display:flex;--padding-top:0px;--padding-bottom:0px;--padding-left:0px;--padding-right:0px;}@media(min-width:768px){.elementor-995 .elementor-element.elementor-element-13e63502{--content-width:1290px;}.elementor-995 .elementor-element.elementor-element-6e07d4ce{--content-width:1290px;}.elementor-995 .elementor-element.elementor-element-15255a68{--content-width:1290px;}}@media(max-width:1024px){.elementor-995 .elementor-element.elementor-element-13e63502{--margin-top:0px;--margin-bottom:0px;--margin-left:0px;--margin-right:0px;--padding-top:200px;--padding-bottom:100px;--padding-left:20px;--padding-right:20px;}.elementor-995 .elementor-element.elementor-element-4a404aa7 .elementor-heading-title{font-size:var( --e-global-typography-primary-font-size );line-height:var( --e-global-typography-primary-line-height );letter-spacing:var( --e-global-typography-primary-letter-spacing );}.elementor-995 .elementor-element.elementor-element-6e07d4ce{--padding-top:0px;--padding-bottom:0px;--padding-left:20px;--padding-right:20px;}}@media(max-width:767px){.elementor-995 .elementor-element.elementor-element-4a404aa7 .elementor-heading-title{font-size:var( --e-global-typography-primary-font-size );line-height:var( --e-global-typography-primary-line-height );letter-spacing:var( --e-global-typography-primary-letter-spacing );}.elementor-995 .elementor-element.elementor-element-4a404aa7 > .elementor-widget-container{margin:60px 0px 0px 0px;}}<\/style>\t\t<div data-elementor-type=\"wp-page\" data-elementor-id=\"995\" class=\"elementor elementor-995\" data-elementor-post-type=\"page\">\n\t\t\t\t<div class=\"elementor-element elementor-element-13e63502 e-flex e-con-boxed e-con e-parent\" data-id=\"13e63502\" data-element_type=\"container\" data-e-type=\"container\" data-settings=\"{&quot;background_background&quot;:&quot;classic&quot;}\">\n\t\t\t\t\t<div class=\"e-con-inner\">\n\t\t\t\t<div class=\"elementor-element elementor-element-4a404aa7 elementor-widget elementor-widget-heading\" data-id=\"4a404aa7\" data-element_type=\"widget\" data-e-type=\"widget\" data-widget_type=\"heading.default\">\n\t\t\t\t<div class=\"elementor-widget-container\">\n\t\t\t\t\t<h2 class=\"elementor-heading-title elementor-size-default\">Pol\u00edtica de cookies<\/h2>\t\t\t\t<\/div>\n\t\t\t\t<\/div>\n\t\t\t\t\t<\/div>\n\t\t\t\t<\/div>\n\t\t<div class=\"elementor-element elementor-element-6e07d4ce e-flex e-con-boxed e-con e-parent\" data-id=\"6e07d4ce\" data-element_type=\"container\" data-e-type=\"container\">\n\t\t\t\t\t<div class=\"e-con-inner\">\n\t\t<div class=\"elementor-element elementor-element-15255a68 e-flex e-con-boxed e-con e-child\" data-id=\"15255a68\" data-element_type=\"container\" data-e-type=\"container\">\n\t\t\t\t\t<div class=\"e-con-inner\">\n\t\t\t\t<div class=\"elementor-element elementor-element-3be6591 elementor-widget elementor-widget-text-editor\" data-id=\"3be6591\" data-element_type=\"widget\" data-e-type=\"widget\" data-widget_type=\"text-editor.default\">\n\t\t\t\t<div class=\"elementor-widget-container\">\n\t\t\t\t\t\t\t\t\t<p>En cumplimiento de lo dispuesto en el Reglamento (UE) 2016\/679 (RGPD), la Ley Org\u00e1nica 3\/2018 (LOPDGDD) y la Ley 34\/2002, de Servicios de la Sociedad de la Informaci\u00f3n y del Comercio Electr\u00f3nico (LSSI-CE), se informa a los usuarios del sitio web acerca del uso de cookies.<br \/><br \/><strong>1. \u00bfQU\u00c9 SON LAS COOKIES?<\/strong> <br \/>Las cookies son archivos que se descargan en el dispositivo del usuario al acceder a determinadas p\u00e1ginas web, permitiendo almacenar y recuperar informaci\u00f3n sobre la navegaci\u00f3n del usuario.<br \/><br \/><strong>2. TIPOS DE COOKIES UTILIZADAS<\/strong><\/p><p>Seg\u00fan la entidad que las gestiona:<\/p><ul><li>Cookies propias: gestionadas por el titular de la web.<\/li><li>Cookies de terceros: gestionadas por entidades externas.<\/li><\/ul><p><br \/>Seg\u00fan el plazo de tiempo que permanecen activas:<\/p><ul><li>Cookies de sesi\u00f3n: se eliminan al cerrar el navegador.<\/li><li>Cookies persistentes: se almacenan en el terminal hasta una fecha de expiraci\u00f3n determinada.<\/li><\/ul><p><br \/>Seg\u00fan su finalidad:<\/p><ul><li>Cookies t\u00e9cnicas: necesarias para la navegaci\u00f3n y el buen funcionamiento del sitio web.<\/li><li>Cookies de personalizaci\u00f3n: permiten recordar informaci\u00f3n para que el usuario acceda con determinadas caracter\u00edsticas.<\/li><li>Cookies de an\u00e1lisis: permiten el seguimiento y an\u00e1lisis del comportamiento de los usuarios.<\/li><li>Cookies publicitarias: permiten la gesti\u00f3n de espacios publicitarios.<\/li><li>Cookies de publicidad comportamental: almacenan informaci\u00f3n del comportamiento de los usuarios obtenida a trav\u00e9s de la observaci\u00f3n continuada de sus h\u00e1bitos de navegaci\u00f3n.<\/li><\/ul><p><br \/><strong>3. COOKIES UTILIZADAS EN ESTE SITIO WEB<\/strong> <br \/>Este sitio web utiliza las siguientes cookies:<\/p><ul><li>Cookies t\u00e9cnicas propias estrictamente necesarias.<\/li><li>Cookies de an\u00e1lisis (como Google Analytics).<\/li><li>Cookies de redes sociales (Facebook, Twitter, Instagram, LinkedIn).<\/li><\/ul><p><br \/><strong>4. CONSENTIMIENTO<\/strong> <br \/>Al acceder al sitio web, el usuario puede aceptar, configurar o rechazar el uso de cookies a trav\u00e9s del panel de configuraci\u00f3n emergente. El consentimiento se puede retirar en cualquier momento desde dicho panel o modificando la configuraci\u00f3n del navegador.<br \/><br \/><strong>5. GESTI\u00d3N Y REVOCACI\u00d3N DE COOKIES<\/strong> <br \/>El usuario puede permitir, bloquear o eliminar las cookies instaladas mediante la configuraci\u00f3n de las opciones del navegador instalado en su dispositivo. Los enlaces a los principales navegadores son:<\/p><ul><li>Google Chrome: <a href=\"https:\/\/support.google.com\/chrome\/answer\/95647\">https:\/\/support.google.com\/chrome\/answer\/95647<\/a><\/li><li>Mozilla Firefox: <a href=\"https:\/\/support.mozilla.org\/es\/kb\/habilitar-y-deshabilitar-cookies\">https:\/\/support.mozilla.org\/es\/kb\/habilitar-y-deshabilitar-cookies<\/a><\/li><li>Safari: <a href=\"https:\/\/support.apple.com\/kb\/ph21411\">https:\/\/support.apple.com\/kb\/ph21411<\/a><\/li><li>Microsoft Edge: <a href=\"https:\/\/support.microsoft.com\/es-es\/help\/4027947\">https:\/\/support.microsoft.com\/es-es\/help\/4027947<\/a><\/li><\/ul><p><br \/><strong>6. TRANSFERENCIAS INTERNACIONALES DE DATOS<\/strong> <br \/>En caso de que se produzcan transferencias internacionales de datos mediante el uso de cookies de terceros, estas se realizar\u00e1n con las garant\u00edas adecuadas de conformidad con la normativa vigente.<br \/><br \/><strong>7. CAMBIOS EN LA POL\u00cdTICA DE COOKIES<\/strong> <br \/>El responsable se reserva el derecho a modificar la presente pol\u00edtica de cookies cuando se produzcan cambios en la configuraci\u00f3n y\/o uso de cookies. Se recomienda revisar esta pol\u00edtica cada vez que se acceda al sitio web.<br \/><br \/><strong>8. CONTACTO<\/strong> <br \/>Para cualquier duda o consulta sobre esta pol\u00edtica de cookies, puede contactar con nosotros a trav\u00e9s del email indicado en el aviso legal del sitio web.<\/p>\t\t\t\t\t\t\t\t<\/div>\n\t\t\t\t<\/div>\n\t\t\t\t\t<\/div>\n\t\t\t\t<\/div>\n\t\t\t\t\t<\/div>\n\t\t\t\t<\/div>\n\t\t\t\t<\/div>","protected":false},"excerpt":{"rendered":"<p>En cumplimiento de lo dispuesto en el Reglamento (UE) 2016\/679 (RGPD), la Ley Org\u00e1nica 3\/2018 (LOPDGDD) y la Ley 34\/2002, de Servicios de la Sociedad de la Informaci\u00f3n y del Comercio Electr\u00f3nico (LSSI-CE), se informa a los usuarios del sitio web acerca del uso de cookies. 1. \u00bfQU\u00c9 SON LAS COOKIES? Las cookies son archivos [&hellip;]<\/p>\n","protected":false},"author":1,"featured_media":0,"parent":0,"menu_order":22,"comment_status":"closed","ping_status":"closed","template":"elementor_header_footer","meta":{"_acf_changed":false,"_joinchat":[],"footnotes":""},"class_list":["post-995","page","type-page","status-publish","hentry"],"acf":[],"_links":{"self":[{"href":"https:\/\/tuplaning.com\/pt\/wp-json\/wp\/v2\/pages\/995","targetHints":{"allow":["GET"]}}],"collection":[{"href":"https:\/\/tuplaning.com\/pt\/wp-json\/wp\/v2\/pages"}],"about":[{"href":"https:\/\/tuplaning.com\/pt\/wp-json\/wp\/v2\/types\/page"}],"author":[{"embeddable":true,"href":"https:\/\/tuplaning.com\/pt\/wp-json\/wp\/v2\/users\/1"}],"replies":[{"embeddable":true,"href":"https:\/\/tuplaning.com\/pt\/wp-json\/wp\/v2\/comments?post=995"}],"version-history":[{"count":0,"href":"https:\/\/tuplaning.com\/pt\/wp-json\/wp\/v2\/pages\/995\/revisions"}],"wp:attachment":[{"href":"https:\/\/tuplaning.com\/pt\/wp-json\/wp\/v2\/media?parent=995"}],"curies":[{"name":"wp","href":"https:\/\/api.w.org\/{rel}","templated":true}]}}