{"id":983,"date":"2025-08-22T07:56:08","date_gmt":"2025-08-22T07:56:08","guid":{"rendered":"https:\/\/tuplaning.com\/?page_id=983"},"modified":"2025-11-25T16:48:53","modified_gmt":"2025-11-25T16:48:53","slug":"aviso-legal","status":"publish","type":"page","link":"https:\/\/tuplaning.com\/pt\/aviso-legal\/","title":{"rendered":"Aviso legal"},"content":{"rendered":"<style>.elementor-983 .elementor-element.elementor-element-13e63502{--display:flex;--flex-direction:column;--container-widget-width:100%;--container-widget-height:initial;--container-widget-flex-grow:0;--container-widget-align-self:initial;--flex-wrap-mobile:wrap;--gap:10px 10px;--row-gap:10px;--column-gap:10px;--overlay-opacity:0.8;border-style:solid;--border-style:solid;border-width:20px 20px 20px 20px;--border-top-width:20px;--border-right-width:20px;--border-bottom-width:20px;--border-left-width:20px;border-color:var( --e-global-color-accent );--border-color:var( --e-global-color-accent );--border-radius:40px 40px 40px 40px;--margin-top:0px;--margin-bottom:30px;--margin-left:0px;--margin-right:0px;--padding-top:200px;--padding-bottom:100px;--padding-left:0px;--padding-right:0px;}.elementor-983 .elementor-element.elementor-element-13e63502:not(.elementor-motion-effects-element-type-background), .elementor-983 .elementor-element.elementor-element-13e63502 > .elementor-motion-effects-container > .elementor-motion-effects-layer{background-image:url(\"https:\/\/tuplaning.com\/wp-content\/uploads\/2025\/08\/imagenes-legales-1.webp\");background-position:center center;background-repeat:no-repeat;background-size:cover;}.elementor-983 .elementor-element.elementor-element-13e63502::before, .elementor-983 .elementor-element.elementor-element-13e63502 > .elementor-background-video-container::before, .elementor-983 .elementor-element.elementor-element-13e63502 > .e-con-inner > .elementor-background-video-container::before, .elementor-983 .elementor-element.elementor-element-13e63502 > .elementor-background-slideshow::before, .elementor-983 .elementor-element.elementor-element-13e63502 > .e-con-inner > .elementor-background-slideshow::before, .elementor-983 .elementor-element.elementor-element-13e63502 > .elementor-motion-effects-container > .elementor-motion-effects-layer::before{--background-overlay:'';background-color:var( --e-global-color-primary );}.elementor-983 .elementor-element.elementor-element-4a404aa7{text-align:center;}.elementor-983 .elementor-element.elementor-element-4a404aa7 .elementor-heading-title{font-family:var( --e-global-typography-primary-font-family ), Sans-serif;font-size:var( --e-global-typography-primary-font-size );font-weight:var( --e-global-typography-primary-font-weight );text-decoration:var( --e-global-typography-primary-text-decoration );line-height:var( --e-global-typography-primary-line-height );letter-spacing:var( --e-global-typography-primary-letter-spacing );color:var( --e-global-color-11f86d1 );}.elementor-983 .elementor-element.elementor-element-6e07d4ce{--display:flex;--flex-direction:column;--container-widget-width:100%;--container-widget-height:initial;--container-widget-flex-grow:0;--container-widget-align-self:initial;--flex-wrap-mobile:wrap;--margin-top:0px;--margin-bottom:30px;--margin-left:0px;--margin-right:0px;--padding-top:0px;--padding-bottom:0px;--padding-left:0px;--padding-right:0px;}.elementor-983 .elementor-element.elementor-element-15255a68{--display:flex;--padding-top:0px;--padding-bottom:0px;--padding-left:0px;--padding-right:0px;}@media(min-width:768px){.elementor-983 .elementor-element.elementor-element-13e63502{--content-width:1290px;}.elementor-983 .elementor-element.elementor-element-6e07d4ce{--content-width:1290px;}.elementor-983 .elementor-element.elementor-element-15255a68{--content-width:1290px;}}@media(max-width:1024px){.elementor-983 .elementor-element.elementor-element-13e63502{--margin-top:0px;--margin-bottom:0px;--margin-left:0px;--margin-right:0px;--padding-top:200px;--padding-bottom:100px;--padding-left:20px;--padding-right:20px;}.elementor-983 .elementor-element.elementor-element-4a404aa7 .elementor-heading-title{font-size:var( --e-global-typography-primary-font-size );line-height:var( --e-global-typography-primary-line-height );letter-spacing:var( --e-global-typography-primary-letter-spacing );}.elementor-983 .elementor-element.elementor-element-6e07d4ce{--padding-top:0px;--padding-bottom:0px;--padding-left:20px;--padding-right:20px;}}@media(max-width:767px){.elementor-983 .elementor-element.elementor-element-4a404aa7 .elementor-heading-title{font-size:var( --e-global-typography-primary-font-size );line-height:var( --e-global-typography-primary-line-height );letter-spacing:var( --e-global-typography-primary-letter-spacing );}.elementor-983 .elementor-element.elementor-element-4a404aa7 > .elementor-widget-container{margin:60px 0px 0px 0px;}}<\/style>\t\t<div data-elementor-type=\"wp-page\" data-elementor-id=\"983\" class=\"elementor elementor-983\" data-elementor-post-type=\"page\">\n\t\t\t\t<div class=\"elementor-element elementor-element-13e63502 e-flex e-con-boxed e-con e-parent\" data-id=\"13e63502\" data-element_type=\"container\" data-e-type=\"container\" data-settings=\"{&quot;background_background&quot;:&quot;classic&quot;}\">\n\t\t\t\t\t<div class=\"e-con-inner\">\n\t\t\t\t<div class=\"elementor-element elementor-element-4a404aa7 elementor-widget elementor-widget-heading\" data-id=\"4a404aa7\" data-element_type=\"widget\" data-e-type=\"widget\" data-widget_type=\"heading.default\">\n\t\t\t\t<div class=\"elementor-widget-container\">\n\t\t\t\t\t<h2 class=\"elementor-heading-title elementor-size-default\">Aviso legal<\/h2>\t\t\t\t<\/div>\n\t\t\t\t<\/div>\n\t\t\t\t\t<\/div>\n\t\t\t\t<\/div>\n\t\t<div class=\"elementor-element elementor-element-6e07d4ce e-flex e-con-boxed e-con e-parent\" data-id=\"6e07d4ce\" data-element_type=\"container\" data-e-type=\"container\">\n\t\t\t\t\t<div class=\"e-con-inner\">\n\t\t<div class=\"elementor-element elementor-element-15255a68 e-flex e-con-boxed e-con e-child\" data-id=\"15255a68\" data-element_type=\"container\" data-e-type=\"container\">\n\t\t\t\t\t<div class=\"e-con-inner\">\n\t\t\t\t<div class=\"elementor-element elementor-element-3be6591 elementor-widget elementor-widget-text-editor\" data-id=\"3be6591\" data-element_type=\"widget\" data-e-type=\"widget\" data-widget_type=\"text-editor.default\">\n\t\t\t\t<div class=\"elementor-widget-container\">\n\t\t\t\t\t\t\t\t\t<p>De conformidad con lo establecido en el art. 10 de la Ley 34\/2002 de Servicios de la Sociedad de la Informaci\u00f3n y del Comercio Electr\u00f3nico (LSSI-CE), as\u00ed como en el Reglamento (UE) 2016\/679 (RGPD) y la Ley Org\u00e1nica 3\/2018 de Protecci\u00f3n de Datos Personales y Garant\u00eda de los Derechos Digitales (LOPDGDD), se pone a disposici\u00f3n de los usuarios la siguiente informaci\u00f3n:<\/p><p><strong>Datos del Titular del Sitio Web:<\/strong><\/p><ul><li>Denominaci\u00f3n Social: Soraya Andreu Poveda\u00a0<\/li><li>CIF: 48729724S<\/li><li>Domicilio Social: Calle Manceber\u00eda 60 &#8211; Alicante. 03300<\/li><li>Correo electr\u00f3nico: administracion@tuplaning.com<\/li><li>Sitio Web: tuplaning.com<\/li><\/ul><p><strong>1. OBJETO<\/strong> <br \/>El presente Aviso Legal regula el uso del sitio web tuplaning.com, que el titular pone a disposici\u00f3n de los usuarios de Internet. El acceso al sitio web implica la aceptaci\u00f3n plena y sin reservas de todas y cada una de las disposiciones incluidas en este Aviso Legal, las condiciones generales y particulares de uso, y aquellas otras condiciones que, en su caso, rijan la prestaci\u00f3n de los servicios ofrecidos a trav\u00e9s del sitio web.<\/p><p><strong>2. CONDICIONES DE USO<\/strong><\/p><p>2.1. Car\u00e1cter gratuito del acceso y uso del sitio web: El acceso a la informaci\u00f3n del sitio web es gratuito, sin perjuicio del coste de conexi\u00f3n a trav\u00e9s de la red de telecomunicaciones suministrada por el proveedor de acceso contratado por los usuarios.<\/p><p><strong>2.2. Registro de Usuarios:<\/strong> Para acceder a ciertos servicios o contenidos, podr\u00e1 requerirse el registro del usuario. En tal caso, \u00e9ste se compromete a proporcionar informaci\u00f3n veraz y l\u00edcita.<\/p><p><strong>2.3. Menores de edad:<\/strong> Para el uso de los servicios, los menores de 14 a\u00f1os deben obtener previamente el consentimiento de sus padres o tutores.<\/p><p><strong>2.4. Obligaci\u00f3n de hacer un uso correcto del sitio web:<\/strong> El usuario se compromete a usar el sitio web de conformidad con la ley, la moral y el orden p\u00fablico. Se abstendr\u00e1 de usar el sitio web con fines il\u00edcitos o lesivos.<\/p><p><strong>3. EXCLUSI\u00d3N DE GARANT\u00cdAS Y RESPONSABILIDAD<\/strong> <br \/>El titular del sitio web no se responsabiliza por los da\u00f1os y perjuicios de cualquier naturaleza que puedan derivarse de la falta de disponibilidad del sitio, su mantenimiento y efectivo funcionamiento, o la existencia de virus u otros elementos lesivos en los contenidos.<\/p><p><strong>4. USO DE COOKIES<\/strong> <br \/>Este sitio web puede utilizar cookies para optimizar la experiencia de navegaci\u00f3n. Para m\u00e1s informaci\u00f3n, consulte nuestra <a href=\"https:\/\/tuplaning.com\/pt\/politica-de-cookies\/\">Pol\u00edtica de cookies<\/a>.<\/p><p><strong>5. PROTECCI\u00d3N DE DATO<\/strong>S <br \/>El responsable del sitio web se compromete a cumplir con la normativa vigente en materia de protecci\u00f3n de datos personales. Para m\u00e1s informaci\u00f3n, consulte nuestra <a href=\"https:\/\/tuplaning.com\/pt\/politica-de-privacidad\/\">Pol\u00edtica de privacidade<\/a>.<\/p><p><strong>6. ENLACES A TERCEROS<\/strong> <br \/>El sitio web puede contener enlaces a sitios de terceros. El titular no se hace responsable del contenido de dichos sitios.<\/p><p><strong>7. DERECHOS DE PROPIEDAD INTELECTUAL E INDUSTRIAL<\/strong> <br \/>Todos los contenidos del sitio web, incluyendo textos, im\u00e1genes, dise\u00f1o gr\u00e1fico, c\u00f3digo fuente, logos, marcas, etc., son titularidad del responsable del sitio web o bien dispone de derechos o licencias para su uso. Queda prohibida su reproducci\u00f3n, distribuci\u00f3n o transformaci\u00f3n sin autorizaci\u00f3n expresa.<\/p><p><strong>8. REDES SOCIALES<\/strong> <br \/>La Empresa puede tener presencia en redes sociales. El tratamiento de los datos que se realicen en estas se regir\u00e1 por las condiciones de uso y pol\u00edticas de privacidad de cada plataforma.<\/p><p><strong>9. LEGISLACI\u00d3N APLICABLE Y JURISDICCI\u00d3N<\/strong> <br \/>Para la resoluci\u00f3n de todos los conflictos o cuestiones relacionadas con el presente sitio web ser\u00e1 de aplicaci\u00f3n la legislaci\u00f3n espa\u00f1ola. Las partes se someten a los Juzgados y Tribunales de la ciudad donde La Empresa tenga su domicilio social.<\/p>\t\t\t\t\t\t\t\t<\/div>\n\t\t\t\t<\/div>\n\t\t\t\t\t<\/div>\n\t\t\t\t<\/div>\n\t\t\t\t\t<\/div>\n\t\t\t\t<\/div>\n\t\t\t\t<\/div>","protected":false},"excerpt":{"rendered":"<p>De conformidad con lo establecido en el art. 10 de la Ley 34\/2002 de Servicios de la Sociedad de la Informaci\u00f3n y del Comercio Electr\u00f3nico (LSSI-CE), as\u00ed como en el Reglamento (UE) 2016\/679 (RGPD) y la Ley Org\u00e1nica 3\/2018 de Protecci\u00f3n de Datos Personales y Garant\u00eda de los Derechos Digitales (LOPDGDD), se pone a disposici\u00f3n [&hellip;]<\/p>\n","protected":false},"author":1,"featured_media":0,"parent":0,"menu_order":20,"comment_status":"closed","ping_status":"closed","template":"elementor_header_footer","meta":{"_acf_changed":false,"_joinchat":[],"footnotes":""},"class_list":["post-983","page","type-page","status-publish","hentry"],"acf":[],"_links":{"self":[{"href":"https:\/\/tuplaning.com\/pt\/wp-json\/wp\/v2\/pages\/983","targetHints":{"allow":["GET"]}}],"collection":[{"href":"https:\/\/tuplaning.com\/pt\/wp-json\/wp\/v2\/pages"}],"about":[{"href":"https:\/\/tuplaning.com\/pt\/wp-json\/wp\/v2\/types\/page"}],"author":[{"embeddable":true,"href":"https:\/\/tuplaning.com\/pt\/wp-json\/wp\/v2\/users\/1"}],"replies":[{"embeddable":true,"href":"https:\/\/tuplaning.com\/pt\/wp-json\/wp\/v2\/comments?post=983"}],"version-history":[{"count":0,"href":"https:\/\/tuplaning.com\/pt\/wp-json\/wp\/v2\/pages\/983\/revisions"}],"wp:attachment":[{"href":"https:\/\/tuplaning.com\/pt\/wp-json\/wp\/v2\/media?parent=983"}],"curies":[{"name":"wp","href":"https:\/\/api.w.org\/{rel}","templated":true}]}}