{"id":1851,"date":"2025-11-25T16:20:00","date_gmt":"2025-11-25T16:20:00","guid":{"rendered":"https:\/\/tuplaning.com\/?page_id=1851"},"modified":"2025-11-25T16:24:06","modified_gmt":"2025-11-25T16:24:06","slug":"teatros","status":"publish","type":"page","link":"https:\/\/tuplaning.com\/pt\/teatros\/","title":{"rendered":"Teatros"},"content":{"rendered":"<style>.elementor-1851 .elementor-element.elementor-element-4e1de1d6{--display:flex;--flex-direction:column;--container-widget-width:100%;--container-widget-height:initial;--container-widget-flex-grow:0;--container-widget-align-self:initial;--flex-wrap-mobile:wrap;--gap:10px 10px;--row-gap:10px;--column-gap:10px;--overlay-opacity:0.7;border-style:solid;--border-style:solid;border-width:20px 20px 20px 20px;--border-top-width:20px;--border-right-width:20px;--border-bottom-width:20px;--border-left-width:20px;border-color:var( --e-global-color-accent );--border-color:var( --e-global-color-accent );--border-radius:40px 40px 40px 40px;--margin-top:0px;--margin-bottom:0px;--margin-left:0px;--margin-right:0px;--padding-top:200px;--padding-bottom:100px;--padding-left:0px;--padding-right:0px;}.elementor-1851 .elementor-element.elementor-element-4e1de1d6:not(.elementor-motion-effects-element-type-background), .elementor-1851 .elementor-element.elementor-element-4e1de1d6 > .elementor-motion-effects-container > .elementor-motion-effects-layer{background-image:url(\"https:\/\/tuplaning.com\/wp-content\/uploads\/2025\/11\/19822177-1-1.jpg\");background-position:center center;background-repeat:no-repeat;background-size:cover;}.elementor-1851 .elementor-element.elementor-element-4e1de1d6::before, .elementor-1851 .elementor-element.elementor-element-4e1de1d6 > .elementor-background-video-container::before, .elementor-1851 .elementor-element.elementor-element-4e1de1d6 > .e-con-inner > .elementor-background-video-container::before, .elementor-1851 .elementor-element.elementor-element-4e1de1d6 > .elementor-background-slideshow::before, .elementor-1851 .elementor-element.elementor-element-4e1de1d6 > .e-con-inner > .elementor-background-slideshow::before, .elementor-1851 .elementor-element.elementor-element-4e1de1d6 > .elementor-motion-effects-container > .elementor-motion-effects-layer::before{--background-overlay:'';background-color:var( --e-global-color-primary );}.elementor-1851 .elementor-element.elementor-element-14c76ee7{text-align:center;}.elementor-1851 .elementor-element.elementor-element-14c76ee7 .elementor-heading-title{font-family:var( --e-global-typography-primary-font-family ), Sans-serif;font-size:var( --e-global-typography-primary-font-size );font-weight:var( --e-global-typography-primary-font-weight );text-decoration:var( --e-global-typography-primary-text-decoration );line-height:var( --e-global-typography-primary-line-height );letter-spacing:var( --e-global-typography-primary-letter-spacing );color:var( --e-global-color-11f86d1 );}.elementor-1851 .elementor-element.elementor-element-4bb986b{--display:flex;--flex-direction:column;--container-widget-width:100%;--container-widget-height:initial;--container-widget-flex-grow:0;--container-widget-align-self:initial;--flex-wrap-mobile:wrap;--margin-top:30px;--margin-bottom:50px;--margin-left:0px;--margin-right:0px;--padding-top:0px;--padding-bottom:0px;--padding-left:0px;--padding-right:0px;}.elementor-1851 .elementor-element.elementor-element-0c5f6f8{--display:flex;--gap:10px 10px;--row-gap:10px;--column-gap:10px;--padding-top:0px;--padding-bottom:0px;--padding-left:0px;--padding-right:0px;}.elementor-1851 .elementor-element.elementor-element-d8a72f4 .jeg-elementor-kit.jkit-heading{text-align:center;}.elementor-1851 .elementor-element.elementor-element-d8a72f4 .jeg-elementor-kit.jkit-heading .heading-title{font-family:\"DM Sans\", Sans-serif;font-size:2.6em;font-weight:400;text-decoration:none;line-height:1em;letter-spacing:-0.5px;color:var( --e-global-color-2e21b95 );}.elementor-1851 .elementor-element.elementor-element-d8a72f4 .jeg-elementor-kit.jkit-heading .heading-section-title{margin:-5px 0px -15px 0px;}.elementor-1851 .elementor-element.elementor-element-d8a72f4 .jeg-elementor-kit.jkit-heading .heading-section-title .heading-title{padding:0px 0px 0px 0px;border-radius:0px 0px 0px 0px;}.elementor-1851 .elementor-element.elementor-element-d8a72f4 .jeg-elementor-kit.jkit-heading .heading-title > span{color:var( --e-global-color-11f86d1 );font-family:\"Playfair Display\", Sans-serif;font-size:1em;font-weight:400;font-style:italic;line-height:1em;letter-spacing:-0.5px;padding:0px 0px 0px 0px;}.elementor-1851 .elementor-element.elementor-element-d8a72f4 > .elementor-widget-container{padding:0px 0px 0px 0px;}.elementor-1851 .elementor-element.elementor-element-7792016{text-align:center;}.elementor-1851 .elementor-element.elementor-element-7792016 > .elementor-widget-container{padding:0% 20% 0% 20%;}.elementor-1851 .elementor-element.elementor-element-03e4cb7{--display:flex;--flex-direction:row;--container-widget-width:initial;--container-widget-height:100%;--container-widget-flex-grow:1;--container-widget-align-self:stretch;--flex-wrap-mobile:wrap;--margin-top:20px;--margin-bottom:0px;--margin-left:0px;--margin-right:0px;--padding-top:0px;--padding-bottom:0px;--padding-left:0px;--padding-right:0px;}.elementor-1851 .elementor-element.elementor-element-37dcceb{width:100%;max-width:100%;}@media(min-width:768px){.elementor-1851 .elementor-element.elementor-element-4e1de1d6{--content-width:1290px;}.elementor-1851 .elementor-element.elementor-element-4bb986b{--content-width:1290px;}.elementor-1851 .elementor-element.elementor-element-0c5f6f8{--content-width:1290px;}.elementor-1851 .elementor-element.elementor-element-03e4cb7{--content-width:1290px;}}@media(max-width:1024px){.elementor-1851 .elementor-element.elementor-element-4e1de1d6{--margin-top:0px;--margin-bottom:0px;--margin-left:0px;--margin-right:0px;--padding-top:200px;--padding-bottom:100px;--padding-left:20px;--padding-right:20px;}.elementor-1851 .elementor-element.elementor-element-14c76ee7 .elementor-heading-title{font-size:var( --e-global-typography-primary-font-size );line-height:var( --e-global-typography-primary-line-height );letter-spacing:var( --e-global-typography-primary-letter-spacing );}.elementor-1851 .elementor-element.elementor-element-4bb986b{--margin-top:0px;--margin-bottom:0px;--margin-left:0px;--margin-right:0px;--padding-top:0px;--padding-bottom:0px;--padding-left:20px;--padding-right:20px;}.elementor-1851 .elementor-element.elementor-element-d8a72f4 .jeg-elementor-kit.jkit-heading .heading-title{font-size:2.5em;line-height:1em;letter-spacing:-0.5px;color:var( --e-global-color-2e21b95 );}.elementor-1851 .elementor-element.elementor-element-d8a72f4 .jeg-elementor-kit.jkit-heading .heading-title > span{color:var( --e-global-color-11f86d1 );font-size:1em;line-height:1em;letter-spacing:-0.5px;}.elementor-1851 .elementor-element.elementor-element-03e4cb7{--flex-direction:column;--container-widget-width:100%;--container-widget-height:initial;--container-widget-flex-grow:0;--container-widget-align-self:initial;--flex-wrap-mobile:wrap;--margin-top:10px;--margin-bottom:0px;--margin-left:0px;--margin-right:0px;}}@media(max-width:767px){.elementor-1851 .elementor-element.elementor-element-4e1de1d6{--margin-top:0px;--margin-bottom:0px;--margin-left:0px;--margin-right:0px;}.elementor-1851 .elementor-element.elementor-element-14c76ee7 .elementor-heading-title{font-size:var( --e-global-typography-primary-font-size );line-height:var( --e-global-typography-primary-line-height );letter-spacing:var( --e-global-typography-primary-letter-spacing );}.elementor-1851 .elementor-element.elementor-element-14c76ee7 > .elementor-widget-container{margin:60px 0px 0px 0px;}.elementor-1851 .elementor-element.elementor-element-4bb986b{--margin-top:50px;--margin-bottom:0px;--margin-left:0px;--margin-right:0px;}.elementor-1851 .elementor-element.elementor-element-d8a72f4 .jeg-elementor-kit.jkit-heading .heading-title{font-size:35px;line-height:1em;letter-spacing:-0.5px;color:var( --e-global-color-2e21b95 );}.elementor-1851 .elementor-element.elementor-element-d8a72f4 .jeg-elementor-kit.jkit-heading .heading-title > span{color:var( --e-global-color-11f86d1 );font-size:35px;line-height:1em;letter-spacing:-0.5px;}.elementor-1851 .elementor-element.elementor-element-7792016 > .elementor-widget-container{padding:0% 0% 0% 0%;}}<\/style>\t\t<div data-elementor-type=\"wp-page\" data-elementor-id=\"1851\" class=\"elementor elementor-1851\" data-elementor-post-type=\"page\">\n\t\t\t\t<div class=\"elementor-element elementor-element-4e1de1d6 e-flex e-con-boxed e-con e-parent\" data-id=\"4e1de1d6\" data-element_type=\"container\" data-e-type=\"container\" data-settings=\"{&quot;background_background&quot;:&quot;classic&quot;}\">\n\t\t\t\t\t<div class=\"e-con-inner\">\n\t\t\t\t<div class=\"elementor-element elementor-element-14c76ee7 elementor-widget elementor-widget-heading\" data-id=\"14c76ee7\" data-element_type=\"widget\" data-e-type=\"widget\" data-widget_type=\"heading.default\">\n\t\t\t\t<div class=\"elementor-widget-container\">\n\t\t\t\t\t<h1 class=\"elementor-heading-title elementor-size-default\">Teatros<\/h1>\t\t\t\t<\/div>\n\t\t\t\t<\/div>\n\t\t\t\t\t<\/div>\n\t\t\t\t<\/div>\n\t\t<div class=\"elementor-element elementor-element-4bb986b e-flex e-con-boxed e-con e-parent\" data-id=\"4bb986b\" data-element_type=\"container\" data-e-type=\"container\">\n\t\t\t\t\t<div class=\"e-con-inner\">\n\t\t<div class=\"elementor-element elementor-element-0c5f6f8 e-flex e-con-boxed e-con e-child\" data-id=\"0c5f6f8\" data-element_type=\"container\" data-e-type=\"container\">\n\t\t\t\t\t<div class=\"e-con-inner\">\n\t\t\t\t<div class=\"elementor-element elementor-element-d8a72f4 elementor-widget elementor-widget-jkit_heading\" data-id=\"d8a72f4\" data-element_type=\"widget\" data-e-type=\"widget\" data-widget_type=\"jkit_heading.default\">\n\t\t\t\t<div class=\"elementor-widget-container\">\n\t\t\t\t\t<div  class=\"jeg-elementor-kit jkit-heading  align-center align-tablet- align-mobile- jeg_module___69e26aff57eef\" ><div class=\"heading-section-title  display-inline-block\"><h2 class=\"heading-title\">Vive la magia a trav\u00e9s del <span class=\"style-color\"><span>Teatro<\/span><\/span><\/h2><\/div><\/div>\t\t\t\t<\/div>\n\t\t\t\t<\/div>\n\t\t\t\t<div class=\"elementor-element elementor-element-7792016 elementor-widget elementor-widget-text-editor\" data-id=\"7792016\" data-element_type=\"widget\" data-e-type=\"widget\" data-widget_type=\"text-editor.default\">\n\t\t\t\t<div class=\"elementor-widget-container\">\n\t\t\t\t\t\t\t\t\t<p>En <em data-start=\"186\" data-end=\"198\">O seu planeamento<\/em> te invitamos a adentrarte en el fascinante mundo del teatro, donde cada funci\u00f3n cobra vida ante tus ojos. Nuestros planes te acercan a historias emocionantes, escenarios memorables y actuaciones que dejan huella.<br data-start=\"411\" data-end=\"414\" \/>Descubre obras emblem\u00e1ticas, disfruta puestas en escena \u00fanicas y conoce el arte que hay detr\u00e1s de cada producci\u00f3n. Cada aplauso cuenta una historia, y t\u00fa formar\u00e1s parte de ella.<\/p>\t\t\t\t\t\t\t\t<\/div>\n\t\t\t\t<\/div>\n\t\t\t\t\t<\/div>\n\t\t\t\t<\/div>\n\t\t<div class=\"elementor-element elementor-element-03e4cb7 e-flex e-con-boxed e-con e-child\" data-id=\"03e4cb7\" data-element_type=\"container\" data-e-type=\"container\">\n\t\t\t\t\t<div class=\"e-con-inner\">\n\t\t\t\t<div class=\"elementor-element elementor-element-37dcceb elementor-widget__width-inherit elementor-widget elementor-widget-html\" data-id=\"37dcceb\" data-element_type=\"widget\" data-e-type=\"widget\" data-widget_type=\"html.default\">\n\t\t\t\t<div class=\"elementor-widget-container\">\n\t\t\t\t\t<div data-gyg-href=\"https:\/\/widget.getyourguide.com\/default\/activities.frame\" data-gyg-locale-code=\"es-ES\" data-gyg-widget=\"activities\" data-gyg-number-of-items=\"50\" data-gyg-partner-id=\"JMDEVSH\" data-gyg-q=\"Teatros\"><span>Alimentado por <a target=\"_blank\" rel=\"sponsored\" href=\"https:\/\/www.getyourguide.com\/teatro-colon-l3887\/\">GetYourGuide<\/a><\/span><\/div>\t\t\t\t<\/div>\n\t\t\t\t<\/div>\n\t\t\t\t\t<\/div>\n\t\t\t\t<\/div>\n\t\t\t\t\t<\/div>\n\t\t\t\t<\/div>\n\t\t\t\t<\/div>","protected":false},"excerpt":{"rendered":"<p>Saltar al contenido principal Vive la magia a trav\u00e9s del Teatro En Tu Planing te invitamos a adentrarte en el fascinante mundo del teatro, donde cada funci\u00f3n cobra vida ante tus ojos. Nuestros planes te acercan a historias emocionantes, escenarios memorables y actuaciones que dejan huella.Descubre obras emblem\u00e1ticas, disfruta puestas en escena \u00fanicas y conoce [&hellip;]<\/p>\n","protected":false},"author":1,"featured_media":0,"parent":0,"menu_order":2,"comment_status":"closed","ping_status":"closed","template":"elementor_header_footer","meta":{"_acf_changed":false,"_joinchat":[],"footnotes":""},"class_list":["post-1851","page","type-page","status-publish","hentry"],"acf":[],"_links":{"self":[{"href":"https:\/\/tuplaning.com\/pt\/wp-json\/wp\/v2\/pages\/1851","targetHints":{"allow":["GET"]}}],"collection":[{"href":"https:\/\/tuplaning.com\/pt\/wp-json\/wp\/v2\/pages"}],"about":[{"href":"https:\/\/tuplaning.com\/pt\/wp-json\/wp\/v2\/types\/page"}],"author":[{"embeddable":true,"href":"https:\/\/tuplaning.com\/pt\/wp-json\/wp\/v2\/users\/1"}],"replies":[{"embeddable":true,"href":"https:\/\/tuplaning.com\/pt\/wp-json\/wp\/v2\/comments?post=1851"}],"version-history":[{"count":0,"href":"https:\/\/tuplaning.com\/pt\/wp-json\/wp\/v2\/pages\/1851\/revisions"}],"wp:attachment":[{"href":"https:\/\/tuplaning.com\/pt\/wp-json\/wp\/v2\/media?parent=1851"}],"curies":[{"name":"wp","href":"https:\/\/api.w.org\/{rel}","templated":true}]}}