{"id":990,"date":"2025-08-22T07:57:57","date_gmt":"2025-08-22T07:57:57","guid":{"rendered":"https:\/\/tuplaning.com\/?page_id=990"},"modified":"2025-11-25T16:47:36","modified_gmt":"2025-11-25T16:47:36","slug":"politica-de-privacidad","status":"publish","type":"page","link":"https:\/\/tuplaning.com\/it\/politica-de-privacidad\/","title":{"rendered":"Informativa sulla privacy"},"content":{"rendered":"<style>.elementor-990 .elementor-element.elementor-element-13e63502{--display:flex;--flex-direction:column;--container-widget-width:100%;--container-widget-height:initial;--container-widget-flex-grow:0;--container-widget-align-self:initial;--flex-wrap-mobile:wrap;--gap:10px 10px;--row-gap:10px;--column-gap:10px;--overlay-opacity:0.8;border-style:solid;--border-style:solid;border-width:20px 20px 20px 20px;--border-top-width:20px;--border-right-width:20px;--border-bottom-width:20px;--border-left-width:20px;border-color:var( --e-global-color-accent );--border-color:var( --e-global-color-accent );--border-radius:40px 40px 40px 40px;--margin-top:0px;--margin-bottom:30px;--margin-left:0px;--margin-right:0px;--padding-top:200px;--padding-bottom:100px;--padding-left:0px;--padding-right:0px;}.elementor-990 .elementor-element.elementor-element-13e63502:not(.elementor-motion-effects-element-type-background), .elementor-990 .elementor-element.elementor-element-13e63502 > .elementor-motion-effects-container > .elementor-motion-effects-layer{background-image:url(\"https:\/\/tuplaning.com\/wp-content\/uploads\/2025\/08\/imagenes-legales-1.webp\");background-position:center center;background-repeat:no-repeat;background-size:cover;}.elementor-990 .elementor-element.elementor-element-13e63502::before, .elementor-990 .elementor-element.elementor-element-13e63502 > .elementor-background-video-container::before, .elementor-990 .elementor-element.elementor-element-13e63502 > .e-con-inner > .elementor-background-video-container::before, .elementor-990 .elementor-element.elementor-element-13e63502 > .elementor-background-slideshow::before, .elementor-990 .elementor-element.elementor-element-13e63502 > .e-con-inner > .elementor-background-slideshow::before, .elementor-990 .elementor-element.elementor-element-13e63502 > .elementor-motion-effects-container > .elementor-motion-effects-layer::before{--background-overlay:'';background-color:var( --e-global-color-primary );}.elementor-990 .elementor-element.elementor-element-4a404aa7{text-align:center;}.elementor-990 .elementor-element.elementor-element-4a404aa7 .elementor-heading-title{font-family:var( --e-global-typography-primary-font-family ), Sans-serif;font-size:var( --e-global-typography-primary-font-size );font-weight:var( --e-global-typography-primary-font-weight );text-decoration:var( --e-global-typography-primary-text-decoration );line-height:var( --e-global-typography-primary-line-height );letter-spacing:var( --e-global-typography-primary-letter-spacing );color:var( --e-global-color-11f86d1 );}.elementor-990 .elementor-element.elementor-element-6e07d4ce{--display:flex;--flex-direction:column;--container-widget-width:100%;--container-widget-height:initial;--container-widget-flex-grow:0;--container-widget-align-self:initial;--flex-wrap-mobile:wrap;--margin-top:0px;--margin-bottom:30px;--margin-left:0px;--margin-right:0px;--padding-top:0px;--padding-bottom:0px;--padding-left:0px;--padding-right:0px;}.elementor-990 .elementor-element.elementor-element-15255a68{--display:flex;--padding-top:0px;--padding-bottom:0px;--padding-left:0px;--padding-right:0px;}@media(min-width:768px){.elementor-990 .elementor-element.elementor-element-13e63502{--content-width:1290px;}.elementor-990 .elementor-element.elementor-element-6e07d4ce{--content-width:1290px;}.elementor-990 .elementor-element.elementor-element-15255a68{--content-width:1290px;}}@media(max-width:1024px){.elementor-990 .elementor-element.elementor-element-13e63502{--margin-top:0px;--margin-bottom:0px;--margin-left:0px;--margin-right:0px;--padding-top:200px;--padding-bottom:100px;--padding-left:20px;--padding-right:20px;}.elementor-990 .elementor-element.elementor-element-4a404aa7 .elementor-heading-title{font-size:var( --e-global-typography-primary-font-size );line-height:var( --e-global-typography-primary-line-height );letter-spacing:var( --e-global-typography-primary-letter-spacing );}.elementor-990 .elementor-element.elementor-element-6e07d4ce{--padding-top:0px;--padding-bottom:0px;--padding-left:20px;--padding-right:20px;}}@media(max-width:767px){.elementor-990 .elementor-element.elementor-element-4a404aa7 .elementor-heading-title{font-size:var( --e-global-typography-primary-font-size );line-height:var( --e-global-typography-primary-line-height );letter-spacing:var( --e-global-typography-primary-letter-spacing );}.elementor-990 .elementor-element.elementor-element-4a404aa7 > .elementor-widget-container{margin:60px 0px 0px 0px;}}<\/style>\t\t<div data-elementor-type=\"wp-page\" data-elementor-id=\"990\" class=\"elementor elementor-990\" data-elementor-post-type=\"page\">\n\t\t\t\t<div class=\"elementor-element elementor-element-13e63502 e-flex e-con-boxed e-con e-parent\" data-id=\"13e63502\" data-element_type=\"container\" data-e-type=\"container\" data-settings=\"{&quot;background_background&quot;:&quot;classic&quot;}\">\n\t\t\t\t\t<div class=\"e-con-inner\">\n\t\t\t\t<div class=\"elementor-element elementor-element-4a404aa7 elementor-widget elementor-widget-heading\" data-id=\"4a404aa7\" data-element_type=\"widget\" data-e-type=\"widget\" data-widget_type=\"heading.default\">\n\t\t\t\t<div class=\"elementor-widget-container\">\n\t\t\t\t\t<h2 class=\"elementor-heading-title elementor-size-default\">Informativa sulla privacy<\/h2>\t\t\t\t<\/div>\n\t\t\t\t<\/div>\n\t\t\t\t\t<\/div>\n\t\t\t\t<\/div>\n\t\t<div class=\"elementor-element elementor-element-6e07d4ce e-flex e-con-boxed e-con e-parent\" data-id=\"6e07d4ce\" data-element_type=\"container\" data-e-type=\"container\">\n\t\t\t\t\t<div class=\"e-con-inner\">\n\t\t<div class=\"elementor-element elementor-element-15255a68 e-flex e-con-boxed e-con e-child\" data-id=\"15255a68\" data-element_type=\"container\" data-e-type=\"container\">\n\t\t\t\t\t<div class=\"e-con-inner\">\n\t\t\t\t<div class=\"elementor-element elementor-element-3be6591 elementor-widget elementor-widget-text-editor\" data-id=\"3be6591\" data-element_type=\"widget\" data-e-type=\"widget\" data-widget_type=\"text-editor.default\">\n\t\t\t\t<div class=\"elementor-widget-container\">\n\t\t\t\t\t\t\t\t\t<p>De conformidad con el Reglamento (UE) 2016\/679 del Parlamento Europeo y del Consejo de 27 de abril de 2016 (RGPD), la Ley Org\u00e1nica 3\/2018, de 5 de diciembre, de Protecci\u00f3n de Datos Personales y garant\u00eda de los derechos digitales (LOPDGDD), y la Ley 34\/2002 de Servicios de la Sociedad de la Informaci\u00f3n y del Comercio Electr\u00f3nico (LSSI-CE), se informa a los usuarios de esta web sobre los siguientes aspectos:<\/p><p><strong>Responsable del Tratamiento:<\/strong><\/p><ul><li>Nombre: Soraya Andreu Poveda\u00a0<\/li><li>CIF: \u00a048729724S<\/li><li>Domicilio: Calle Manceber\u00eda 60 &#8211; Alicante. 03300<\/li><li>Email de contacto: administracion@tuplaning.com<\/li><li>Sitio Web: tuplaning.com<\/li><\/ul><p><strong>1. FINALIDAD DEL TRATAMIENTO DE DATOS<\/strong> <br \/>Los datos personales recabados a trav\u00e9s del sitio web se utilizar\u00e1n para:<\/p><ul><li>Gestionar el registro de usuarios y acceso a \u00e1reas restringidas.<\/li><li>Atender solicitudes de informaci\u00f3n o contacto.<\/li><li>Formalizar contrataciones de productos o servicios.<\/li><li>Remitir boletines informativos y promociones, si se ha otorgado consentimiento.<\/li><li>Gestionar procesos de selecci\u00f3n en caso de env\u00edo de CV.<\/li><\/ul><p><strong>2. LEGITIMACI\u00d3N PARA EL TRATAMIENTO<\/strong> <br \/>El tratamiento de los datos se basa en:<\/p><ul><li>El consentimiento del usuario.<\/li><li>La ejecuci\u00f3n de un contrato.<\/li><li>El cumplimiento de obligaciones legales.<\/li><li>El inter\u00e9s leg\u00edtimo del responsable.<\/li><\/ul><p><strong>3. CONSERVACI\u00d3N DE LOS DATOS<\/strong> <br \/>Los datos personales se conservar\u00e1n mientras se mantenga la relaci\u00f3n comercial o el usuario no solicite su supresi\u00f3n, y durante los plazos exigidos por la legislaci\u00f3n vigente.<\/p><p><strong>4. COMUNICACI\u00d3N DE LOS DATOS<\/strong> <br \/>No se comunicar\u00e1n datos a terceros salvo obligaci\u00f3n legal o cuando sea necesario para la prestaci\u00f3n del servicio. En ese caso, se firmar\u00e1n los correspondientes contratos de encargo de tratamiento.<\/p><p><strong>5. DERECHOS DE LOS USUARIOS<\/strong> <br \/>El usuario podr\u00e1 ejercer los siguientes derechos:<\/p><ul><li>Acceso a sus datos personales.<\/li><li>Rectificaci\u00f3n de datos inexactos o incompletos.<\/li><li>Supresi\u00f3n (\u00abderecho al olvido\u00bb).<\/li><li>Limitaci\u00f3n del tratamiento.<\/li><li>Portabilidad de sus datos.<\/li><li>Oposici\u00f3n al tratamiento.<\/li><li>Revocaci\u00f3n del consentimiento.<\/li><\/ul><p>Para el ejercicio de estos derechos deber\u00e1 remitir solicitud escrita a la direcci\u00f3n del responsable, acompa\u00f1ada de copia de su DNI o documento equivalente.<\/p><p><strong>6. MEDIDAS DE SEGURIDAD<\/strong> <br \/>El responsable aplicar\u00e1 medidas t\u00e9cnicas y organizativas apropiadas para garantizar un nivel de seguridad adecuado al riesgo, de conformidad con el art\u00edculo 32 del RGPD.<\/p><p><strong>7. DATOS DE MENORES<\/strong> <br \/>No se recabar\u00e1n datos de menores de 14 a\u00f1os sin el consentimiento previo de sus padres o tutores legales. Si se detecta que se han recogido datos sin autorizaci\u00f3n, estos ser\u00e1n eliminados inmediatamente.<strong><br \/><\/strong><br \/><strong>8. CAMBIOS EN LA POL\u00cdTICA DE PRIVACIDAD<\/strong> <br \/>El responsable se reserva el derecho a modificar esta pol\u00edtica para adaptarla a novedades legislativas o jurisprudenciales. En ese caso, los cambios ser\u00e1n anunciados en esta misma p\u00e1gina con antelaci\u00f3n razonable a su puesta en pr\u00e1ctica.<\/p><p><strong>9. LEGISLACI\u00d3N APLICABLE Y JURISDICCI\u00d3N<\/strong> <br \/>Esta pol\u00edtica se rige por la legislaci\u00f3n espa\u00f1ola y europea en materia de protecci\u00f3n de datos. Cualquier controversia ser\u00e1 resuelta ante los tribunales del domicilio del responsable del tratamiento.<\/p>\t\t\t\t\t\t\t\t<\/div>\n\t\t\t\t<\/div>\n\t\t\t\t\t<\/div>\n\t\t\t\t<\/div>\n\t\t\t\t\t<\/div>\n\t\t\t\t<\/div>\n\t\t\t\t<\/div>","protected":false},"excerpt":{"rendered":"<p>De conformidad con el Reglamento (UE) 2016\/679 del Parlamento Europeo y del Consejo de 27 de abril de 2016 (RGPD), la Ley Org\u00e1nica 3\/2018, de 5 de diciembre, de Protecci\u00f3n de Datos Personales y garant\u00eda de los derechos digitales (LOPDGDD), y la Ley 34\/2002 de Servicios de la Sociedad de la Informaci\u00f3n y del Comercio [&hellip;]<\/p>\n","protected":false},"author":1,"featured_media":0,"parent":0,"menu_order":21,"comment_status":"closed","ping_status":"closed","template":"elementor_header_footer","meta":{"_acf_changed":false,"_joinchat":[],"footnotes":""},"class_list":["post-990","page","type-page","status-publish","hentry"],"acf":[],"_links":{"self":[{"href":"https:\/\/tuplaning.com\/it\/wp-json\/wp\/v2\/pages\/990","targetHints":{"allow":["GET"]}}],"collection":[{"href":"https:\/\/tuplaning.com\/it\/wp-json\/wp\/v2\/pages"}],"about":[{"href":"https:\/\/tuplaning.com\/it\/wp-json\/wp\/v2\/types\/page"}],"author":[{"embeddable":true,"href":"https:\/\/tuplaning.com\/it\/wp-json\/wp\/v2\/users\/1"}],"replies":[{"embeddable":true,"href":"https:\/\/tuplaning.com\/it\/wp-json\/wp\/v2\/comments?post=990"}],"version-history":[{"count":0,"href":"https:\/\/tuplaning.com\/it\/wp-json\/wp\/v2\/pages\/990\/revisions"}],"wp:attachment":[{"href":"https:\/\/tuplaning.com\/it\/wp-json\/wp\/v2\/media?parent=990"}],"curies":[{"name":"wp","href":"https:\/\/api.w.org\/{rel}","templated":true}]}}